{"id":58,"date":"2018-10-31T09:28:08","date_gmt":"2018-10-31T09:28:08","guid":{"rendered":"https:\/\/beautystudio18.nl\/?page_id=58"},"modified":"2020-07-08T08:37:11","modified_gmt":"2020-07-08T07:37:11","slug":"microdermabrasie","status":"publish","type":"page","link":"https:\/\/beautystudio18.nl\/?page_id=58","title":{"rendered":"Microdermabrasie"},"content":{"rendered":"<section class=\"l-section wpb_row height_auto width_full\"><div class=\"l-section-h i-cf\"><div class=\"g-cols vc_row type_default valign_top\"><div class=\"vc_col-sm-12 wpb_column vc_column_container\"><div class=\"vc_column-inner\"><div class=\"wpb_wrapper\"><div class=\"w-slider style_none\"><div class=\"w-slider-h\"><div class=\"royalSlider\"><div class=\"rsContent\"><a class=\"rsImg\" data-rsw=\"1024\" data-rsh=\"363\" data-rsBigImg=\"https:\/\/beautystudio18.nl\/wp-content\/uploads\/2018\/11\/005.6ebf6dabe038a48ed700297ebb0c8b9a51.jpg\" href=\"https:\/\/beautystudio18.nl\/wp-content\/uploads\/2018\/11\/005.6ebf6dabe038a48ed700297ebb0c8b9a51-1024x363.jpg\"><span data-alt=\"\"><\/span><\/a><\/div><\/div><img decoding=\"async\" src=\"https:\/\/beautystudio18.nl\/wp-content\/uploads\/2018\/11\/005.6ebf6dabe038a48ed700297ebb0c8b9a51-1024x363.jpg\" alt=\"\"><\/div><div class=\"w-slider-json\" onclick='return {&quot;transitionSpeed&quot;:300,&quot;loopRewind&quot;:true,&quot;slidesSpacing&quot;:0,&quot;imageScalePadding&quot;:0,&quot;numImagesToPreload&quot;:2,&quot;arrowsNav&quot;:true,&quot;arrowsNavAutoHide&quot;:true,&quot;transitionType&quot;:&quot;move&quot;,&quot;block&quot;:{&quot;moveEffect&quot;:&quot;none&quot;,&quot;speed&quot;:300},&quot;controlNavigation&quot;:&quot;none&quot;,&quot;fullscreen&quot;:{&quot;enabled&quot;:true},&quot;imageScaleMode&quot;:&quot;fill&quot;,&quot;autoScaleSlider&quot;:true,&quot;autoScaleSliderWidth&quot;:1024,&quot;autoScaleSliderHeight&quot;:363,&quot;fitInViewport&quot;:false}'><\/div><\/div><\/div><\/div><\/div><\/div><\/div><\/section><!-- Row Backgrounds --><div class=\"upb_color\" data-bg-override=\"0\" data-bg-color=\"#f0f0f0\" data-fadeout=\"\" data-fadeout-percentage=\"30\" data-parallax-content=\"\" data-parallax-content-sense=\"30\" data-row-effect-mobile-disable=\"true\" data-img-parallax-mobile-disable=\"true\" data-rtl=\"false\"  data-custom-vc-row=\"\"  data-vc=\"5.5.5\"  data-is_old_vc=\"\"  data-theme-support=\"\"   data-overlay=\"false\" data-overlay-color=\"\" data-overlay-pattern=\"\" data-overlay-pattern-opacity=\"\" data-overlay-pattern-size=\"\"    ><\/div><section class=\"l-section wpb_row height_auto\" style=\"padding-right: 12px !important;padding-left: 12px !important;\"><div class=\"l-section-h i-cf\" style=\"padding-top: 8px !important;padding-bottom: 8px !important;\"><div class=\"g-cols vc_row type_default valign_top\"><div class=\"vc_col-sm-12 wpb_column vc_column_container\"><div class=\"vc_column-inner\"><div class=\"wpb_wrapper\">\r\n\t<div class=\"wpb_text_column \">\r\n\t\t<div class=\"wpb_wrapper\">\r\n\t\t\t<p><span style=\"color: #ffffff;\">HOME<\/span>\u00a0 \u00a0\u00a0<span style=\"color: #ffffff;\">\/<\/span>\u00a0 \u00a0<strong>\u00a0<span style=\"color: #000000;\">MICRODERMABRASIE<\/span><\/strong><\/p>\n\r\n\t\t<\/div>\r\n\t<\/div>\r\n<\/div><\/div><\/div><\/div><\/div><\/section><!-- Row Backgrounds --><div class=\"upb_color\" data-bg-override=\"0\" data-bg-color=\"#889faa\" data-fadeout=\"\" data-fadeout-percentage=\"30\" data-parallax-content=\"\" data-parallax-content-sense=\"30\" data-row-effect-mobile-disable=\"true\" data-img-parallax-mobile-disable=\"true\" data-rtl=\"false\"  data-custom-vc-row=\"\"  data-vc=\"5.5.5\"  data-is_old_vc=\"\"  data-theme-support=\"\"   data-overlay=\"false\" data-overlay-color=\"\" data-overlay-pattern=\"\" data-overlay-pattern-opacity=\"\" data-overlay-pattern-size=\"\"    ><\/div><section class=\"l-section wpb_row height_medium\"><div class=\"l-section-h i-cf\"><div class=\"g-cols vc_row type_default valign_top\"><div class=\"vc_col-sm-12 wpb_column vc_column_container\"><div class=\"vc_column-inner\"><div class=\"wpb_wrapper\">\r\n\t<div class=\"wpb_text_column \">\r\n\t\t<div class=\"wpb_wrapper\">\r\n\t\t\t<h1 style=\"text-align: center;\">MICRODERMABRASIE<\/h1>\n<h4>KRACHTIGE BEHANDELING MET SNEL RESULTAAT<\/h4>\n<p>Microdermabrasie is \u00e9\u00e9n van de meest krachtige huidbehandelingen die er bestaat. Na \u00e9\u00e9n behandeling ziet u al resultaat: een gladdere, stralender en gezondere huid.<br \/>\nKrijg in deze <a href=\"https:\/\/www.youtube.com\/channel\/UCKkU_asaiFERZgoHoN3BeIw\">film<\/a> een indruk over de microdermabrasie behandeling bij Beautystudio18<\/p>\n\r\n\t\t<\/div>\r\n\t<\/div>\r\n<div class=\"w-separator type_invisible size_medium\"><\/div><div class=\"g-cols wpb_row type_default valign_top vc_inner \"><div class=\"vc_col-sm-6 wpb_column vc_column_container\"><div class=\"vc_column-inner\"><div class=\"wpb_wrapper\"><div class=\"w-image\"><div class=\"w-image-h\"><img loading=\"lazy\" decoding=\"async\" width=\"960\" height=\"540\" src=\"https:\/\/beautystudio18.nl\/wp-content\/uploads\/2018\/10\/007.d5cfbe36dda1df4b58343079c4238de551.jpg\" class=\"attachment-large size-large\" alt=\"\" srcset=\"https:\/\/beautystudio18.nl\/wp-content\/uploads\/2018\/10\/007.d5cfbe36dda1df4b58343079c4238de551.jpg 960w, https:\/\/beautystudio18.nl\/wp-content\/uploads\/2018\/10\/007.d5cfbe36dda1df4b58343079c4238de551-300x169.jpg 300w, https:\/\/beautystudio18.nl\/wp-content\/uploads\/2018\/10\/007.d5cfbe36dda1df4b58343079c4238de551-768x432.jpg 768w\" sizes=\"auto, (max-width: 960px) 100vw, 960px\" \/><\/div><\/div><\/div><\/div><\/div><div class=\"vc_col-sm-6 wpb_column vc_column_container\"><div class=\"vc_column-inner\"><div class=\"wpb_wrapper\">\r\n\t<div class=\"wpb_text_column \">\r\n\t\t<div class=\"wpb_wrapper\">\r\n\t\t\t<h5>WAT IS MICRODERMABRASIE?<\/h5>\n<p>Microdermabrasie is een mechanische peeling om dode huidcellen te verwijderen. Uw huid wordt onder vacu\u00fcm behandeld met een continu stroom van micro-kristallen. De kristallen zijn gemaakt van aluminiumoxide en geven geen beschadigingen aan de huid.<\/p>\n<h5>Bij voorkeur een kuur<\/h5>\n<p>De huid krijgt een nauwkeurige en gecontroleerde peeling tot het gewenste niveau is bereikt. Des te meer behandelingen u ondergaat, des te mooier het resultaat zal zijn. Daarom adviseren we ook altijd met een microdermabrasie kuur te starten<\/p>\n\r\n\t\t<\/div>\r\n\t<\/div>\r\n<\/div><\/div><\/div><\/div><\/div><\/div><\/div><\/div><\/div><\/section><!-- Row Backgrounds --><div class=\"upb_color\" data-bg-override=\"0\" data-bg-color=\"#efece9\" data-fadeout=\"\" data-fadeout-percentage=\"30\" data-parallax-content=\"\" data-parallax-content-sense=\"30\" data-row-effect-mobile-disable=\"true\" data-img-parallax-mobile-disable=\"true\" data-rtl=\"false\"  data-custom-vc-row=\"\"  data-vc=\"5.5.5\"  data-is_old_vc=\"\"  data-theme-support=\"\"   data-overlay=\"false\" data-overlay-color=\"\" data-overlay-pattern=\"\" data-overlay-pattern-opacity=\"\" data-overlay-pattern-size=\"\"    ><\/div><section class=\"l-section wpb_row height_medium\"><div class=\"l-section-h i-cf\"><div class=\"g-cols vc_row type_default valign_top\"><div class=\"vc_col-sm-6 wpb_column vc_column_container\"><div class=\"vc_column-inner\"><div class=\"wpb_wrapper\">\r\n\t<div class=\"wpb_text_column \">\r\n\t\t<div class=\"wpb_wrapper\">\r\n\t\t\t<h3>WAT DOET MICRODERMABRASIE?<\/h3>\n<p>Doordat de dode huidcellen verwijderd zijn, is de huid beter in staat om werkstoffen op te nemen. Daardoor hebben deze stoffen meer effect in de huid. Verder heeft de behandeling tot gevolg:<\/p>\n<ul>\n<li>De huid wordt beter doorbloed<\/li>\n<li>Microdermabrasie stimuleert de aanmaak van nieuwe huidcellen<br \/>\nMinder grove pori\u00ebn en vervagende pigmentvlekjes en rimpels.<\/li>\n<li>De huid zal na de microdermabrasie behandeling veel gladder aanvoelen en er egaler en jonger uitzien.<\/li>\n<\/ul>\n<p>De huid zal na de microdermabrasie behandeling veel <strong><span style=\"color: #000000;\"><em>gladder<\/em> <\/span><\/strong>aanvoelen en er\u00a0<span style=\"color: #000000;\"><strong><em>egaler<\/em><\/strong><em>\u00a0<\/em><\/span>en\u00a0<span style=\"color: #000000;\"><strong><em>jonger<\/em><\/strong>\u00a0<\/span>uitzien.<\/p>\n\r\n\t\t<\/div>\r\n\t<\/div>\r\n<\/div><\/div><\/div><div class=\"vc_col-sm-6 wpb_column vc_column_container\"><div class=\"vc_column-inner\"><div class=\"wpb_wrapper\"><div class=\"w-image\"><div class=\"w-image-h\"><img loading=\"lazy\" decoding=\"async\" width=\"960\" height=\"540\" src=\"https:\/\/beautystudio18.nl\/wp-content\/uploads\/2018\/10\/010.d5cfbe36dda1df4b58343079c4238de551.jpg\" class=\"attachment-large size-large\" alt=\"\" srcset=\"https:\/\/beautystudio18.nl\/wp-content\/uploads\/2018\/10\/010.d5cfbe36dda1df4b58343079c4238de551.jpg 960w, https:\/\/beautystudio18.nl\/wp-content\/uploads\/2018\/10\/010.d5cfbe36dda1df4b58343079c4238de551-300x169.jpg 300w, https:\/\/beautystudio18.nl\/wp-content\/uploads\/2018\/10\/010.d5cfbe36dda1df4b58343079c4238de551-768x432.jpg 768w\" sizes=\"auto, (max-width: 960px) 100vw, 960px\" \/><\/div><\/div><\/div><\/div><\/div><\/div><\/div><\/section><!-- Row Backgrounds --><div class=\"upb_color\" data-bg-override=\"0\" data-bg-color=\"#efece9\" data-fadeout=\"\" data-fadeout-percentage=\"30\" data-parallax-content=\"\" data-parallax-content-sense=\"30\" data-row-effect-mobile-disable=\"true\" data-img-parallax-mobile-disable=\"true\" data-rtl=\"false\"  data-custom-vc-row=\"\"  data-vc=\"5.5.5\"  data-is_old_vc=\"\"  data-theme-support=\"\"   data-overlay=\"false\" data-overlay-color=\"\" data-overlay-pattern=\"\" data-overlay-pattern-opacity=\"\" data-overlay-pattern-size=\"\"    ><\/div><section class=\"l-section wpb_row height_medium\"><div class=\"l-section-h i-cf\"><div class=\"g-cols vc_row type_default valign_top\"><div class=\"vc_col-sm-6 wpb_column vc_column_container\"><div class=\"vc_column-inner\"><div class=\"wpb_wrapper\"><div class=\"w-image\"><div class=\"w-image-h\"><img loading=\"lazy\" decoding=\"async\" width=\"960\" height=\"540\" src=\"https:\/\/beautystudio18.nl\/wp-content\/uploads\/2018\/10\/Microdermabrasie-behandeling-met-micro-kristallen-1.d5cfbe36dda1df4b58343079c4238de551.jpg\" class=\"attachment-large size-large\" alt=\"\" srcset=\"https:\/\/beautystudio18.nl\/wp-content\/uploads\/2018\/10\/Microdermabrasie-behandeling-met-micro-kristallen-1.d5cfbe36dda1df4b58343079c4238de551.jpg 960w, https:\/\/beautystudio18.nl\/wp-content\/uploads\/2018\/10\/Microdermabrasie-behandeling-met-micro-kristallen-1.d5cfbe36dda1df4b58343079c4238de551-300x169.jpg 300w, https:\/\/beautystudio18.nl\/wp-content\/uploads\/2018\/10\/Microdermabrasie-behandeling-met-micro-kristallen-1.d5cfbe36dda1df4b58343079c4238de551-768x432.jpg 768w\" sizes=\"auto, (max-width: 960px) 100vw, 960px\" \/><\/div><\/div><\/div><\/div><\/div><div class=\"vc_col-sm-6 wpb_column vc_column_container\"><div class=\"vc_column-inner\"><div class=\"wpb_wrapper\">\r\n\t<div class=\"wpb_text_column \">\r\n\t\t<div class=\"wpb_wrapper\">\r\n\t\t\t<h3>WELKE HUIDAANDOENINGEN KUNNEN WE BEHANDELEN MET MICRODERMABRASIE?<\/h3>\n<p>Microdermabrasie is voor bijna iedereen geschikt. We kunnen onder meer behandelen:<\/p>\n<ul>\n<li>Rimpels<\/li>\n<li>Onzuivere huid<\/li>\n<li>Huidveroudering<\/li>\n<li>Pigmentvlekjes<\/li>\n<li>Littekens<\/li>\n<li>Zonneschade<\/li>\n<li>Grove pori\u00ebn<\/li>\n<li>Grove huidstructuur<\/li>\n<li>Futloze huid<\/li>\n<\/ul>\n\r\n\t\t<\/div>\r\n\t<\/div>\r\n<\/div><\/div><\/div><\/div><\/div><\/section><!-- Row Backgrounds --><div class=\"upb_color\" data-bg-override=\"0\" data-bg-color=\"#efece9\" data-fadeout=\"\" data-fadeout-percentage=\"30\" data-parallax-content=\"\" data-parallax-content-sense=\"30\" data-row-effect-mobile-disable=\"true\" data-img-parallax-mobile-disable=\"true\" data-rtl=\"false\"  data-custom-vc-row=\"\"  data-vc=\"5.5.5\"  data-is_old_vc=\"\"  data-theme-support=\"\"   data-overlay=\"false\" data-overlay-color=\"\" data-overlay-pattern=\"\" data-overlay-pattern-opacity=\"\" data-overlay-pattern-size=\"\"    ><\/div><section class=\"l-section wpb_row height_medium\"><div class=\"l-section-h i-cf\"><div class=\"g-cols vc_row type_default valign_top\"><div class=\"vc_col-sm-6 wpb_column vc_column_container\"><div class=\"vc_column-inner\"><div class=\"wpb_wrapper\">\r\n\t<div class=\"wpb_text_column \">\r\n\t\t<div class=\"wpb_wrapper\">\r\n\t\t\t<h3>WANNEER GEEN MICRODERMABRASIE?<\/h3>\n<p>Er zijn echter ook huidaandoeningen die we niet met microdermabrasie mogen behandelen:<\/p>\n<ul>\n<li>Moedervlekken-eczeem en psoriasis<\/li>\n<li>Huidontstekingen<\/li>\n<li>Koortslip<\/li>\n<li>Zonverbrande huid<\/li>\n<li>Met roaccutane behandelde huid<\/li>\n<li>Rosacea (felrode gezichtsverkleuring)<\/li>\n<li>Huidkanker<\/li>\n<li>Actieve acn\u00e9<\/li>\n<li>Herpes<\/li>\n<li>Actinische keratose (zonbeschadigde huid)<\/li>\n<li>Actieve vitamine A medicatie (u moet 9 maanden hiermee gestopt zijn)<\/li>\n<\/ul>\n\r\n\t\t<\/div>\r\n\t<\/div>\r\n<\/div><\/div><\/div><div class=\"vc_col-sm-6 wpb_column vc_column_container\"><div class=\"vc_column-inner\"><div class=\"wpb_wrapper\"><div class=\"w-image\"><div class=\"w-image-h\"><img loading=\"lazy\" decoding=\"async\" width=\"960\" height=\"540\" src=\"https:\/\/beautystudio18.nl\/wp-content\/uploads\/2018\/10\/Gereed-voor-microdermabrasie.d5cfbe36dda1df4b58343079c4238de551.jpg\" class=\"attachment-large size-large\" alt=\"\" srcset=\"https:\/\/beautystudio18.nl\/wp-content\/uploads\/2018\/10\/Gereed-voor-microdermabrasie.d5cfbe36dda1df4b58343079c4238de551.jpg 960w, https:\/\/beautystudio18.nl\/wp-content\/uploads\/2018\/10\/Gereed-voor-microdermabrasie.d5cfbe36dda1df4b58343079c4238de551-300x169.jpg 300w, https:\/\/beautystudio18.nl\/wp-content\/uploads\/2018\/10\/Gereed-voor-microdermabrasie.d5cfbe36dda1df4b58343079c4238de551-768x432.jpg 768w\" sizes=\"auto, (max-width: 960px) 100vw, 960px\" \/><\/div><\/div><\/div><\/div><\/div><\/div><\/div><\/section><!-- Row Backgrounds --><div class=\"upb_color\" data-bg-override=\"0\" data-bg-color=\"#efece9\" data-fadeout=\"\" data-fadeout-percentage=\"30\" data-parallax-content=\"\" data-parallax-content-sense=\"30\" data-row-effect-mobile-disable=\"true\" data-img-parallax-mobile-disable=\"true\" data-rtl=\"false\"  data-custom-vc-row=\"\"  data-vc=\"5.5.5\"  data-is_old_vc=\"\"  data-theme-support=\"\"   data-overlay=\"false\" data-overlay-color=\"\" data-overlay-pattern=\"\" data-overlay-pattern-opacity=\"\" data-overlay-pattern-size=\"\"    ><\/div><section class=\"l-section wpb_row height_medium\"><div class=\"l-section-h i-cf\"><div class=\"g-cols vc_row type_default valign_top\"><div class=\"vc_col-sm-6 wpb_column vc_column_container\"><div class=\"vc_column-inner\"><div class=\"wpb_wrapper\"><div class=\"w-image\"><div class=\"w-image-h\"><img loading=\"lazy\" decoding=\"async\" width=\"960\" height=\"540\" src=\"https:\/\/beautystudio18.nl\/wp-content\/uploads\/2018\/10\/003.d5cfbe36dda1df4b58343079c4238de551.jpg\" class=\"attachment-large size-large\" alt=\"\" srcset=\"https:\/\/beautystudio18.nl\/wp-content\/uploads\/2018\/10\/003.d5cfbe36dda1df4b58343079c4238de551.jpg 960w, https:\/\/beautystudio18.nl\/wp-content\/uploads\/2018\/10\/003.d5cfbe36dda1df4b58343079c4238de551-300x169.jpg 300w, https:\/\/beautystudio18.nl\/wp-content\/uploads\/2018\/10\/003.d5cfbe36dda1df4b58343079c4238de551-768x432.jpg 768w\" sizes=\"auto, (max-width: 960px) 100vw, 960px\" \/><\/div><\/div><\/div><\/div><\/div><div class=\"vc_col-sm-6 wpb_column vc_column_container\"><div class=\"vc_column-inner\"><div class=\"wpb_wrapper\">\r\n\t<div class=\"wpb_text_column \">\r\n\t\t<div class=\"wpb_wrapper\">\r\n\t\t\t<header>\n<h3>HOE ZIET UW HUID ERUIT NA DE BEHANDELING?<\/h3>\n<\/header>\n<p>Het kan zijn dat uw huid er rood uit ziet direct na de behandeling, maar nadat u een super kalmerend masker heeft gehad trekt de roodheid weer langzaam weg. \u00a0Uw huid is na de behandeling erg kwetsbaar. Daarom geven we u een professioneel huidverzorgingsproduct mee voor het herstel van de huid en een product ter bescherming van uw huid. Deze producten blijft u gebruiken tijdens de gehele kuur.<\/p>\n<h5>Wat mag u niet doen na een microdermabrasie\u00a0behandeling<\/h5>\n<p>Ga niet in de felle zon zitten 2-3 weken na de behandeling. Zorg ervoor\u00a0dat u dit ook minimaal 2 weken voor de microdermabrasie-behandeling niet heeft gedaan. Niet zwemmen in chloorwater en op de dag van de behandeling geen foundation gebruiken.<\/p>\n\r\n\t\t<\/div>\r\n\t<\/div>\r\n<\/div><\/div><\/div><\/div><\/div><\/section><!-- Row Backgrounds --><div class=\"upb_color\" data-bg-override=\"0\" data-bg-color=\"#efece9\" data-fadeout=\"\" data-fadeout-percentage=\"30\" data-parallax-content=\"\" data-parallax-content-sense=\"30\" data-row-effect-mobile-disable=\"true\" data-img-parallax-mobile-disable=\"true\" data-rtl=\"false\"  data-custom-vc-row=\"\"  data-vc=\"5.5.5\"  data-is_old_vc=\"\"  data-theme-support=\"\"   data-overlay=\"false\" data-overlay-color=\"\" data-overlay-pattern=\"\" data-overlay-pattern-opacity=\"\" data-overlay-pattern-size=\"\"    ><\/div><section class=\"l-section wpb_row height_medium\"><div class=\"l-section-h i-cf\"><div class=\"g-cols vc_row type_default valign_top\"><div class=\"vc_col-sm-6 wpb_column vc_column_container\"><div class=\"vc_column-inner\"><div class=\"wpb_wrapper\">\r\n\t<div class=\"wpb_text_column \">\r\n\t\t<div class=\"wpb_wrapper\">\r\n\t\t\t<header>\n<h3>DE BEHANDELING IS PIJNLOOS EN ONSCHADELIJK<\/h3>\n<\/header>\n<p>Nee, de behandeling is niet pijnlijk. U voelt de microkristallen wel over uw huid gaan, maar onze cli\u00ebnten ervaren dit gevoel als ontspannend. De micro-kristallen zijn absoluut onschadelijk voor uw huid. Daar geven wij 100% garantie op!<\/p>\n\r\n\t\t<\/div>\r\n\t<\/div>\r\n<\/div><\/div><\/div><div class=\"vc_col-sm-6 wpb_column vc_column_container\"><div class=\"vc_column-inner\"><div class=\"wpb_wrapper\"><div class=\"w-image\"><div class=\"w-image-h\"><img loading=\"lazy\" decoding=\"async\" width=\"960\" height=\"540\" src=\"https:\/\/beautystudio18.nl\/wp-content\/uploads\/2018\/10\/Klant-na-behandeling-microdermabrasie.d5cfbe36dda1df4b58343079c4238de551.jpg\" class=\"attachment-large size-large\" alt=\"\" srcset=\"https:\/\/beautystudio18.nl\/wp-content\/uploads\/2018\/10\/Klant-na-behandeling-microdermabrasie.d5cfbe36dda1df4b58343079c4238de551.jpg 960w, https:\/\/beautystudio18.nl\/wp-content\/uploads\/2018\/10\/Klant-na-behandeling-microdermabrasie.d5cfbe36dda1df4b58343079c4238de551-300x169.jpg 300w, https:\/\/beautystudio18.nl\/wp-content\/uploads\/2018\/10\/Klant-na-behandeling-microdermabrasie.d5cfbe36dda1df4b58343079c4238de551-768x432.jpg 768w\" sizes=\"auto, (max-width: 960px) 100vw, 960px\" \/><\/div><\/div><\/div><\/div><\/div><\/div><\/div><\/section><!-- Row Backgrounds --><div class=\"upb_color\" data-bg-override=\"0\" data-bg-color=\"#efece9\" data-fadeout=\"\" data-fadeout-percentage=\"30\" data-parallax-content=\"\" data-parallax-content-sense=\"30\" data-row-effect-mobile-disable=\"true\" data-img-parallax-mobile-disable=\"true\" data-rtl=\"false\"  data-custom-vc-row=\"\"  data-vc=\"5.5.5\"  data-is_old_vc=\"\"  data-theme-support=\"\"   data-overlay=\"false\" data-overlay-color=\"\" data-overlay-pattern=\"\" data-overlay-pattern-opacity=\"\" data-overlay-pattern-size=\"\"    ><\/div><section class=\"l-section wpb_row height_medium\"><div class=\"l-section-h i-cf\"><div class=\"g-cols vc_row type_default valign_top\"><div class=\"vc_col-sm-6 wpb_column vc_column_container\"><div class=\"vc_column-inner\"><div class=\"wpb_wrapper\"><div class=\"w-image\"><div class=\"w-image-h\"><img loading=\"lazy\" decoding=\"async\" width=\"960\" height=\"540\" src=\"https:\/\/beautystudio18.nl\/wp-content\/uploads\/2018\/10\/028.d5cfbe36dda1df4b58343079c4238de551.jpg\" class=\"attachment-large size-large\" alt=\"\" srcset=\"https:\/\/beautystudio18.nl\/wp-content\/uploads\/2018\/10\/028.d5cfbe36dda1df4b58343079c4238de551.jpg 960w, https:\/\/beautystudio18.nl\/wp-content\/uploads\/2018\/10\/028.d5cfbe36dda1df4b58343079c4238de551-300x169.jpg 300w, https:\/\/beautystudio18.nl\/wp-content\/uploads\/2018\/10\/028.d5cfbe36dda1df4b58343079c4238de551-768x432.jpg 768w\" sizes=\"auto, (max-width: 960px) 100vw, 960px\" \/><\/div><\/div><\/div><\/div><\/div><div class=\"vc_col-sm-6 wpb_column vc_column_container\"><div class=\"vc_column-inner\"><div class=\"wpb_wrapper\">\r\n\t<div class=\"wpb_text_column \">\r\n\t\t<div class=\"wpb_wrapper\">\r\n\t\t\t<h3>HOEVEEL BEHANDELINGEN MOET U ONDERGAAN?<\/h3>\n<p>Met microdermabrasie zie je na\u00a0\u00e9\u00e9n behandeling al resultaat, maar om de effecten van een gladde, stralende en gezonde huid te behouden verdient een kuur de voorkeur. De lengte van een kuur verschilt per persoon en per leeftijd.<\/p>\n<h5 class=\"h3-bold\">Kuur afhankelijk per persoon<\/h5>\n<p>Bij een oudere huid gaat de celdeling trager en zal meer behandelingen nodig hebben. Een grove indicatie is 6 behandelingen tot 40\u00a0\u00e0 45 jarige leeftijd. Bent u ouder, dan gemiddeld 8 tot 10 behandelingen. De meeste cli\u00ebnten starten met een minikuur van 3 behandelingen en hebben dan al een mooi resultaat. De kuur is afhankelijk per persoon en afhankelijk van uw wensen.<\/p>\n<p>U kunt maximaal 2 kuren per jaar volgen. Daarna gaat u het resultaat onderhouden met 1 behandeling per kwartaal. Na elke behandeling moet u een rustperiode inlassen van 10 tot 14 dagen.<\/p>\n\r\n\t\t<\/div>\r\n\t<\/div>\r\n\r\n\t<div class=\"wpb_text_column \">\r\n\t\t<div class=\"wpb_wrapper\">\r\n\t\t\t<p>Weten wat een microdermabrasie-behandeling bij Beautystudio18 kost?<\/p>\n\r\n\t\t<\/div>\r\n\t<\/div>\r\n\r\n\t<div class=\"wpb_text_column \">\r\n\t\t<div class=\"wpb_wrapper\">\r\n\t\t\t<p>Of reserveer direct<\/p>\n\r\n\t\t<\/div>\r\n\t<\/div>\r\n<div class=\" ubtn-ctn-left \"><a class=\"ubtn-link ult-adjust-bottom-margin ubtn-left ubtn-custom \" href=\"https:\/\/beautystudio18.nl\/?page_id=304\" title=\"Prijzen\" ><button type=\"button\" id=\"ubtn-1718\"  class=\"ubtn ult-adjust-bottom-margin ult-responsive ubtn-custom ubtn-no-hover-bg  none  ubtn-sep-icon ubtn-sep-icon-at-left  ubtn-left   tooltip-69f20b1052333\"  data-hover=\"\" data-border-color=\"#6ea7c2\" data-bg=\"#efece9\" data-hover-bg=\"\" data-border-hover=\"\" data-shadow-hover=\"\" data-shadow-click=\"none\" data-shadow=\"\" data-shd-shadow=\"\"  data-ultimate-target='#ubtn-1718'  data-responsive-json-new='{\"font-size\":\"desktop:18px;\",\"line-height\":\"\"}'  style=\"font-weight:bold;width:210px;min-height:57px;padding:px px;border-radius:3px;border-width:1px;border-color:#6ea7c2;border-style:solid;background: #efece9;color: #6ea7c2;\"><span class=\"ubtn-data ubtn-icon\"><i class=\"Defaults-sign-out\" style=\"font-size:32px;color:;\"><\/i><\/span><span class=\"ubtn-hover\" style=\"background-color:\"><\/span><span class=\"ubtn-data ubtn-text \" >Prijzen<\/span><\/button><\/a><\/div><div class=\" ubtn-ctn-left \"><a class=\"ubtn-link ult-adjust-bottom-margin ubtn-left ubtn-custom \" href=\"https:\/\/beautystudio18.nl\/?page_id=203\" ><button type=\"button\" id=\"ubtn-8070\"  class=\"ubtn ult-adjust-bottom-margin ult-responsive ubtn-custom ubtn-no-hover-bg  none  ubtn-sep-icon ubtn-sep-icon-at-left  ubtn-left   tooltip-69f20b105239b\"  data-hover=\"\" data-border-color=\"#6ea7c2\" data-bg=\"#efece9\" data-hover-bg=\"\" data-border-hover=\"\" data-shadow-hover=\"\" data-shadow-click=\"none\" data-shadow=\"\" data-shd-shadow=\"\"  data-ultimate-target='#ubtn-8070'  data-responsive-json-new='{\"font-size\":\"desktop:18px;\",\"line-height\":\"\"}'  style=\"font-weight:bold;width:210px;min-height:57px;padding:px px;border-radius:3px;border-width:1px;border-color:#6ea7c2;border-style:solid;background: #efece9;color: #6ea7c2;\"><span class=\"ubtn-data ubtn-icon\"><i class=\"Defaults-sign-out\" style=\"font-size:32px;color:;\"><\/i><\/span><span class=\"ubtn-hover\" style=\"background-color:\"><\/span><span class=\"ubtn-data ubtn-text \" >Reserveren<\/span><\/button><\/a><\/div><\/div><\/div><\/div><\/div><\/div><\/section><!-- Row Backgrounds --><div class=\"upb_color\" data-bg-override=\"0\" data-bg-color=\"#efece9\" data-fadeout=\"\" data-fadeout-percentage=\"30\" data-parallax-content=\"\" data-parallax-content-sense=\"30\" data-row-effect-mobile-disable=\"true\" data-img-parallax-mobile-disable=\"true\" data-rtl=\"false\"  data-custom-vc-row=\"\"  data-vc=\"5.5.5\"  data-is_old_vc=\"\"  data-theme-support=\"\"   data-overlay=\"false\" data-overlay-color=\"\" data-overlay-pattern=\"\" data-overlay-pattern-opacity=\"\" data-overlay-pattern-size=\"\"    ><\/div>\n","protected":false},"excerpt":{"rendered":"HOME\u00a0 \u00a0\u00a0\/\u00a0 \u00a0\u00a0MICRODERMABRASIE MICRODERMABRASIE KRACHTIGE BEHANDELING MET SNEL RESULTAAT Microdermabrasie is \u00e9\u00e9n van de meest krachtige huidbehandelingen die er bestaat. Na \u00e9\u00e9n behandeling ziet u al resultaat: een gladdere, stralender en gezondere huid. Krijg in deze film een indruk over de microdermabrasie behandeling bij Beautystudio18 WAT IS MICRODERMABRASIE? Microdermabrasie is een mechanische peeling om dode...","protected":false},"author":2,"featured_media":0,"parent":0,"menu_order":0,"comment_status":"closed","ping_status":"closed","template":"","meta":{"footnotes":""},"class_list":["post-58","page","type-page","status-publish","hentry"],"_links":{"self":[{"href":"https:\/\/beautystudio18.nl\/index.php?rest_route=\/wp\/v2\/pages\/58","targetHints":{"allow":["GET"]}}],"collection":[{"href":"https:\/\/beautystudio18.nl\/index.php?rest_route=\/wp\/v2\/pages"}],"about":[{"href":"https:\/\/beautystudio18.nl\/index.php?rest_route=\/wp\/v2\/types\/page"}],"author":[{"embeddable":true,"href":"https:\/\/beautystudio18.nl\/index.php?rest_route=\/wp\/v2\/users\/2"}],"replies":[{"embeddable":true,"href":"https:\/\/beautystudio18.nl\/index.php?rest_route=%2Fwp%2Fv2%2Fcomments&post=58"}],"version-history":[{"count":18,"href":"https:\/\/beautystudio18.nl\/index.php?rest_route=\/wp\/v2\/pages\/58\/revisions"}],"predecessor-version":[{"id":355,"href":"https:\/\/beautystudio18.nl\/index.php?rest_route=\/wp\/v2\/pages\/58\/revisions\/355"}],"wp:attachment":[{"href":"https:\/\/beautystudio18.nl\/index.php?rest_route=%2Fwp%2Fv2%2Fmedia&parent=58"}],"curies":[{"name":"wp","href":"https:\/\/api.w.org\/{rel}","templated":true}]}}